{"id":131,"date":"2021-03-03T23:14:12","date_gmt":"2021-03-03T23:14:12","guid":{"rendered":"http:\/\/172.16.123.182\/iige\/?page_id=131"},"modified":"2026-03-16T14:02:47","modified_gmt":"2026-03-16T19:02:47","slug":"visores_iige","status":"publish","type":"page","link":"https:\/\/geoportal.geoenergia.gob.ec\/?page_id=131","title":{"rendered":"Visores Geogr\u00e1ficos"},"content":{"rendered":"\t\t<div data-elementor-type=\"wp-page\" data-elementor-id=\"131\" class=\"elementor elementor-131\">\n\t\t\t\t\t\t<section class=\"elementor-section elementor-top-section elementor-element elementor-element-3147030 elementor-section-full_width elementor-section-height-default elementor-section-height-default wpr-particle-no wpr-jarallax-no wpr-parallax-no wpr-sticky-section-no\" data-id=\"3147030\" data-element_type=\"section\" data-e-type=\"section\">\n\t\t\t\t\t\t<div class=\"elementor-container elementor-column-gap-default\">\n\t\t\t\t\t<div class=\"elementor-column elementor-col-100 elementor-top-column elementor-element elementor-element-8ab34f6\" data-id=\"8ab34f6\" data-element_type=\"column\" data-e-type=\"column\">\n\t\t\t<div class=\"elementor-widget-wrap\">\n\t\t\t\t\t\t\t<\/div>\n\t\t<\/div>\n\t\t\t\t\t<\/div>\n\t\t<\/section>\n\t\t\t\t<section class=\"elementor-section elementor-top-section elementor-element elementor-element-3c4e76d elementor-section-full_width elementor-section-stretched elementor-section-height-default elementor-section-height-default wpr-particle-no wpr-jarallax-no wpr-parallax-no wpr-sticky-section-no\" data-id=\"3c4e76d\" data-element_type=\"section\" data-e-type=\"section\" data-settings=\"{&quot;stretch_section&quot;:&quot;section-stretched&quot;}\">\n\t\t\t\t\t\t<div class=\"elementor-container elementor-column-gap-default\">\n\t\t\t\t\t<div class=\"elementor-column elementor-col-100 elementor-top-column elementor-element elementor-element-fc153b2\" data-id=\"fc153b2\" data-element_type=\"column\" data-e-type=\"column\">\n\t\t\t<div class=\"elementor-widget-wrap elementor-element-populated\">\n\t\t\t\t\t\t<div class=\"elementor-element elementor-element-a9219d2 elementor-view-stacked elementor-position-inline-start elementor-shape-circle elementor-mobile-position-block-start elementor-widget elementor-widget-icon-box\" data-id=\"a9219d2\" data-element_type=\"widget\" data-e-type=\"widget\" data-widget_type=\"icon-box.default\">\n\t\t\t\t<div class=\"elementor-widget-container\">\n\t\t\t\t\t\t\t<div class=\"elementor-icon-box-wrapper\">\n\n\t\t\t\t\t\t<div class=\"elementor-icon-box-icon\">\n\t\t\t\t<span  class=\"elementor-icon\">\n\t\t\t\t<i aria-hidden=\"true\" class=\"far fa-eye\"><\/i>\t\t\t\t<\/span>\n\t\t\t<\/div>\n\t\t\t\n\t\t\t\t\t\t<div class=\"elementor-icon-box-content\">\n\n\t\t\t\t\t\t\t\t\t<h3 class=\"elementor-icon-box-title\">\n\t\t\t\t\t\t<span  >\n\t\t\t\t\t\t\tVisores Geogr\u00e1ficos\t\t\t\t\t\t<\/span>\n\t\t\t\t\t<\/h3>\n\t\t\t\t\n\t\t\t\t\t\t\t\t\t<p class=\"elementor-icon-box-description\">\n\t\t\t\t\t\tEn los visores geogr\u00e1ficos del Instituto de Investigaci\u00f3n Geol\u00f3gico y Energ\u00e9tico (IIGE), se despliega un vasto panorama de servicios destinados a la visualizaci\u00f3n, consulta y an\u00e1lisis de informaci\u00f3n geogr\u00e1fica. Tanto particulares como profesionales del sector encuentran en esta plataforma un recurso invaluable, donde la cartograf\u00eda relacionada con las ciencias de la tierra cobra vida. Desde mapas detallados hasta herramientas de an\u00e1lisis avanzado, el IIGE se erige como un faro de conocimiento geoespacial, brindando acceso a una riqueza de datos que ilumina tanto la comprensi\u00f3n como la toma de decisiones en un mundo cada vez m\u00e1s interconectado y din\u00e1micoEn los Visores Geogr\u00e1ficos, se ofrecen accesos a los servicios de visualizaci\u00f3n, consulta y an\u00e1lisis de informaci\u00f3n geogr\u00e1fica para particulares y profesionales del sector publicando cartograf\u00eda relacionada a las ciencias de la tierra.\t\t\t\t\t<\/p>\n\t\t\t\t\n\t\t\t<\/div>\n\t\t\t\n\t\t<\/div>\n\t\t\t\t\t\t<\/div>\n\t\t\t\t<\/div>\n\t\t\t\t<div class=\"elementor-element elementor-element-fc612ad elementor-widget-divider--view-line_icon elementor-view-default elementor-widget-divider--element-align-center elementor-widget elementor-widget-divider\" data-id=\"fc612ad\" data-element_type=\"widget\" data-e-type=\"widget\" data-widget_type=\"divider.default\">\n\t\t\t\t<div class=\"elementor-widget-container\">\n\t\t\t\t\t\t\t<div class=\"elementor-divider\">\n\t\t\t<span class=\"elementor-divider-separator\">\n\t\t\t\t\t\t\t<div class=\"elementor-icon elementor-divider__element\">\n\t\t\t\t\t<svg xmlns=\"http:\/\/www.w3.org\/2000\/svg\" xmlns:xlink=\"http:\/\/www.w3.org\/1999\/xlink\" id=\"Layer_1\" x=\"0px\" y=\"0px\" viewBox=\"0 0 136 50\" style=\"enable-background:new 0 0 136 50;\" xml:space=\"preserve\"><style type=\"text\/css\">\t.st0{opacity:0;fill:#FFFFFF;}\t.st1{fill:#202C5C;}\t.st2{fill:#E32730;}<\/style><rect class=\"st0\" width=\"136\" height=\"50\"><\/rect><g>\t<path class=\"st1\" d=\"M9.9,28.8c-0.9-0.3-1.7-1-2.1-1.9c-0.8-1.8,0-4,1.8-4.8l16.2-7.2L9.6,7.7C7.7,6.9,6.9,4.8,7.7,3   s2.9-2.7,4.8-1.9l23.8,10.4c1.3,0.6,2.2,1.9,2.2,3.3s-0.8,2.7-2.1,3.3L12.5,28.7C11.7,29.1,10.7,29.1,9.9,28.8\"><\/path>\t<path class=\"st2\" d=\"M124.7,5.3c1.4,0.5,2.6,1.6,3.3,3c1.3,2.9,0,6.2-2.9,7.5L99.6,27.2l25.6,11.2c2.9,1.3,4.2,4.6,2.9,7.5   s-4.6,4.2-7.5,2.9L83.3,32.4c-2.1-0.9-3.4-2.9-3.4-5.2c0-2.2,1.3-4.3,3.4-5.2l37.2-16.6C121.9,4.8,123.4,4.8,124.7,5.3\"><\/path><\/g><\/svg><\/div>\n\t\t\t\t\t\t<\/span>\n\t\t<\/div>\n\t\t\t\t\t\t<\/div>\n\t\t\t\t<\/div>\n\t\t\t\t<section class=\"elementor-section elementor-inner-section elementor-element elementor-element-9036d06 elementor-section-full_width elementor-section-height-default elementor-section-height-default wpr-particle-no wpr-jarallax-no wpr-parallax-no wpr-sticky-section-no\" data-id=\"9036d06\" data-element_type=\"section\" data-e-type=\"section\">\n\t\t\t\t\t\t<div class=\"elementor-container elementor-column-gap-default\">\n\t\t\t\t\t<div class=\"elementor-column elementor-col-25 elementor-inner-column elementor-element elementor-element-64d5c55\" data-id=\"64d5c55\" data-element_type=\"column\" data-e-type=\"column\">\n\t\t\t<div class=\"elementor-widget-wrap elementor-element-populated\">\n\t\t\t\t\t\t<div class=\"elementor-element elementor-element-d6f58f7 wpr-flip-box-anim-direction-down wpr-flip-box-animation-flip wpr-flip-box-animation-3d-yes wpr-flip-box-front-align-center wpr-flip-box-back-align-center elementor-widget elementor-widget-wpr-flip-box\" data-id=\"d6f58f7\" data-element_type=\"widget\" data-e-type=\"widget\" data-widget_type=\"wpr-flip-box.default\">\n\t\t\t\t<div class=\"elementor-widget-container\">\n\t\t\t\t\t\t\t\t\n\t\t<div class=\"wpr-flip-box\" data-trigger=\"hover\">\n\t\t\t\n\t\t\t<div class=\"wpr-flip-box-item wpr-flip-box-front wpr-anim-timing-linear\">\n\n\t\t\t\t<div class=\"wpr-flip-box-overlay\"><\/div>\n\n\t\t\t\t<div class=\"wpr-flip-box-content\">\n\t\t\t\t\t\n\t\t\t\t\t\t\t\t\t\t<div class=\"wpr-flip-box-icon\">\n\t\t\t\t\t\t<i class=\"far fa-map\"><\/i>\n\t\t\t\t\t<\/div>\n\t\t\t\t\t\t\t\t\t\t\n\t\t\t\t\t\t\t\t\t\t\t<h3 class=\"wpr-flip-box-title\">MOVIMIENTOS EN MASA<\/h3>\n\t\t\t\t\t\n\t\t\t\t\t\t\t\t\t\t\t<div class=\"wpr-flip-box-description\"><ul><li style=\"text-align: left\">Inventario.<\/li><li style=\"text-align: left\">Susceptibilidad.<\/li><\/ul><\/div>\t\t\t\t\t\t\n\t\t\t\t\t\t\n\n\t\t\t\t\t\t\n\n\t\t\t\t<\/div>\n\t\t\t<\/div>\n\n\t\t\t<div class=\"wpr-flip-box-item wpr-flip-box-back wpr-anim-timing-linear\">\n\n\t\t\t\t<div class=\"wpr-flip-box-overlay\"><\/div>\n\t\t\t\t\n\t\t\t\t<div class=\"wpr-flip-box-content\">\n\t\t\t\t\t\n\t\t\t\t\t\t\t\t\t\t<a class=\"wpr-flip-box-link\" href=\"https:\/\/visores.geoenergia.gob.ec\/servicios\/apps\/experiencebuilder\/experience?id=5a49351425424334abda50022c80c945\" target=\"_blank\"><\/a>\t\n\t\t\t\t\t\n\t\t\t\t\t\t\t\t\t\t\n\t\t\t\t\t\t\t\t\t\t\t<h3 class=\"wpr-flip-box-title\">\n\t\t\t\t\t\t\tMOVIMIENTOS EN MASA\t\t\t\t\t\t<\/h3>\n\t\t\t\t\t\n\t\t\t\t\t\t\t\t\t\t\t<div class=\"wpr-flip-box-description\"><p>El mapa de movimientos en masa (IIGE) muestra las zonas afectadas por deslizamientos de tierra, rocas y sedimentos. Proporciona informaci\u00f3n detallada sobre \u00e1reas de riesgo, direcci\u00f3n y magnitud de los movimientos, contribuyendo a la prevenci\u00f3n y gesti\u00f3n de desastres naturales.<\/p><p><span style=\"color: #ffff00\"><strong>(Haga click para ir al visor)<\/strong><\/span><\/p><\/div>\t\t\t\t\t\t\n\t\t\t\t\t\t\n\n\t\t\t\t\t\t\n\n\t\t\t\t<\/div>\n\t\t\t<\/div>\n\t\t<\/div>\n\n\t\t\t\t\t\t<\/div>\n\t\t\t\t<\/div>\n\t\t\t\t\t<\/div>\n\t\t<\/div>\n\t\t\t\t<div class=\"elementor-column elementor-col-25 elementor-inner-column elementor-element elementor-element-f67a449\" data-id=\"f67a449\" data-element_type=\"column\" data-e-type=\"column\">\n\t\t\t<div class=\"elementor-widget-wrap elementor-element-populated\">\n\t\t\t\t\t\t<div class=\"elementor-element elementor-element-e6f6696 wpr-flip-box-anim-direction-down wpr-flip-box-animation-flip wpr-flip-box-animation-3d-yes wpr-flip-box-front-align-center wpr-flip-box-back-align-center elementor-widget elementor-widget-wpr-flip-box\" data-id=\"e6f6696\" data-element_type=\"widget\" data-e-type=\"widget\" data-widget_type=\"wpr-flip-box.default\">\n\t\t\t\t<div class=\"elementor-widget-container\">\n\t\t\t\t\t\t\t\t\n\t\t<div class=\"wpr-flip-box\" data-trigger=\"hover\">\n\t\t\t\n\t\t\t<div class=\"wpr-flip-box-item wpr-flip-box-front wpr-anim-timing-linear\">\n\n\t\t\t\t<div class=\"wpr-flip-box-overlay\"><\/div>\n\n\t\t\t\t<div class=\"wpr-flip-box-content\">\n\t\t\t\t\t\n\t\t\t\t\t\t\t\t\t\t<div class=\"wpr-flip-box-icon\">\n\t\t\t\t\t\t<i class=\"far fa-map\"><\/i>\n\t\t\t\t\t<\/div>\n\t\t\t\t\t\t\t\t\t\t\n\t\t\t\t\t\t\t\t\t\t\t<h3 class=\"wpr-flip-box-title\">GEOLOG\u00cdA 100K<\/h3>\n\t\t\t\t\t\n\t\t\t\t\t\t\t\t\t\t\t<div class=\"wpr-flip-box-description\"><ul><li style=\"text-align: left\">Hist\u00f3rica.<\/li><li style=\"text-align: left\">Actualizaci\u00f3n.<\/li><\/ul><\/div>\t\t\t\t\t\t\n\t\t\t\t\t\t\n\n\t\t\t\t\t\t\n\n\t\t\t\t<\/div>\n\t\t\t<\/div>\n\n\t\t\t<div class=\"wpr-flip-box-item wpr-flip-box-back wpr-anim-timing-linear\">\n\n\t\t\t\t<div class=\"wpr-flip-box-overlay\"><\/div>\n\t\t\t\t\n\t\t\t\t<div class=\"wpr-flip-box-content\">\n\t\t\t\t\t\n\t\t\t\t\t\t\t\t\t\t<a class=\"wpr-flip-box-link\" href=\"https:\/\/visores.geoenergia.gob.ec\/servicios\/apps\/experiencebuilder\/experience?id=728f84d2103e4327a90b0d4267c7976c\" target=\"_blank\"><\/a>\t\n\t\t\t\t\t\n\t\t\t\t\t\t\t\t\t\t\n\t\t\t\t\t\t\t\t\t\t\t<h3 class=\"wpr-flip-box-title\">\n\t\t\t\t\t\t\tGEOLOG\u00cdA 100K\t\t\t\t\t\t<\/h3>\n\t\t\t\t\t\n\t\t\t\t\t\t\t\t\t\t\t<div class=\"wpr-flip-box-description\"><p>El mapa de cartas de las hojas geol\u00f3gicas a escala 1:100,000 del IIGE, muestra la distribuci\u00f3n territorial de las hojas geol\u00f3gicas, indicando sus nombres y el estado de actualizaci\u00f3n. Es \u00fatil para conocer qu\u00e9 \u00e1reas han sido mapeadas y su nivel de informaci\u00f3n disponible.<\/p><p><span style=\"color: #ffff00\"><strong>(Haga click para ir al visor)<\/strong><\/span><\/p><\/div>\t\t\t\t\t\t\n\t\t\t\t\t\t\n\n\t\t\t\t\t\t\n\n\t\t\t\t<\/div>\n\t\t\t<\/div>\n\t\t<\/div>\n\n\t\t\t\t\t\t<\/div>\n\t\t\t\t<\/div>\n\t\t\t\t\t<\/div>\n\t\t<\/div>\n\t\t\t\t<div class=\"elementor-column elementor-col-25 elementor-inner-column elementor-element elementor-element-285421e\" data-id=\"285421e\" data-element_type=\"column\" data-e-type=\"column\">\n\t\t\t<div class=\"elementor-widget-wrap elementor-element-populated\">\n\t\t\t\t\t\t<div class=\"elementor-element elementor-element-6a4c41e wpr-flip-box-anim-direction-down wpr-flip-box-animation-flip wpr-flip-box-animation-3d-yes wpr-flip-box-front-align-center wpr-flip-box-back-align-center elementor-widget elementor-widget-wpr-flip-box\" data-id=\"6a4c41e\" data-element_type=\"widget\" data-e-type=\"widget\" data-widget_type=\"wpr-flip-box.default\">\n\t\t\t\t<div class=\"elementor-widget-container\">\n\t\t\t\t\t\t\t\t\n\t\t<div class=\"wpr-flip-box\" data-trigger=\"hover\">\n\t\t\t\n\t\t\t<div class=\"wpr-flip-box-item wpr-flip-box-front wpr-anim-timing-linear\">\n\n\t\t\t\t<div class=\"wpr-flip-box-overlay\"><\/div>\n\n\t\t\t\t<div class=\"wpr-flip-box-content\">\n\t\t\t\t\t\n\t\t\t\t\t\t\t\t\t\t<div class=\"wpr-flip-box-icon\">\n\t\t\t\t\t\t<i class=\"far fa-map\"><\/i>\n\t\t\t\t\t<\/div>\n\t\t\t\t\t\t\t\t\t\t\n\t\t\t\t\t\t\t\t\t\t\t<h3 class=\"wpr-flip-box-title\">ZONAS CLIM\u00c1TICAS<\/h3>\n\t\t\t\t\t\n\t\t\t\t\t\t\t\t\t\t\t<div class=\"wpr-flip-box-description\"><ul><li style=\"text-align: left\">Zonas Clim\u00e1ticas del Ecuador.<\/li><li style=\"text-align: left\">Actualizaci\u00f3n.<\/li><\/ul><\/div>\t\t\t\t\t\t\n\t\t\t\t\t\t\n\n\t\t\t\t\t\t\n\n\t\t\t\t<\/div>\n\t\t\t<\/div>\n\n\t\t\t<div class=\"wpr-flip-box-item wpr-flip-box-back wpr-anim-timing-linear\">\n\n\t\t\t\t<div class=\"wpr-flip-box-overlay\"><\/div>\n\t\t\t\t\n\t\t\t\t<div class=\"wpr-flip-box-content\">\n\t\t\t\t\t\n\t\t\t\t\t\t\t\t\t\t<a class=\"wpr-flip-box-link\" href=\"https:\/\/visores.geoenergia.gob.ec\/servicios\/apps\/experiencebuilder\/experience?id=92ab8e0c9a5a4e58b5ed66588d0c1552\" target=\"_blank\"><\/a>\t\n\t\t\t\t\t\n\t\t\t\t\t\t\t\t\t\t\n\t\t\t\t\t\t\t\t\t\t\t<h3 class=\"wpr-flip-box-title\">\n\t\t\t\t\t\t\tZONAS CLIM\u00c1TICAS\t\t\t\t\t\t<\/h3>\n\t\t\t\t\t\n\t\t\t\t\t\t\t\t\t\t\t<div class=\"wpr-flip-box-description\">El IIGE ofrece al p\u00fablico su mapa de zonificaci\u00f3n clim\u00e1tica habitacional del Ecuador a trav\u00e9s de su Geoportal, proporcionando informaci\u00f3n clave <strong>para estudios relacionados con dise\u00f1o y evaluaci\u00f3n energ\u00e9tica de edificaciones<\/strong>.\n\n<span style=\"color: #ffff00\"><strong>(Haga click para ir al visor)<\/strong><\/span><\/div>\t\t\t\t\t\t\n\t\t\t\t\t\t\n\n\t\t\t\t\t\t\n\n\t\t\t\t<\/div>\n\t\t\t<\/div>\n\t\t<\/div>\n\n\t\t\t\t\t\t<\/div>\n\t\t\t\t<\/div>\n\t\t\t\t\t<\/div>\n\t\t<\/div>\n\t\t\t\t<div class=\"elementor-column elementor-col-25 elementor-inner-column elementor-element elementor-element-1520f4b\" data-id=\"1520f4b\" data-element_type=\"column\" data-e-type=\"column\">\n\t\t\t<div class=\"elementor-widget-wrap elementor-element-populated\">\n\t\t\t\t\t\t<div class=\"elementor-element elementor-element-86a0044 wpr-flip-box-anim-direction-down wpr-flip-box-animation-flip wpr-flip-box-animation-3d-yes wpr-flip-box-front-align-center wpr-flip-box-back-align-center elementor-widget elementor-widget-wpr-flip-box\" data-id=\"86a0044\" data-element_type=\"widget\" data-e-type=\"widget\" data-widget_type=\"wpr-flip-box.default\">\n\t\t\t\t<div class=\"elementor-widget-container\">\n\t\t\t\t\t\t\t\t\n\t\t<div class=\"wpr-flip-box\" data-trigger=\"hover\">\n\t\t\t\n\t\t\t<div class=\"wpr-flip-box-item wpr-flip-box-front wpr-anim-timing-linear\">\n\n\t\t\t\t<div class=\"wpr-flip-box-overlay\"><\/div>\n\n\t\t\t\t<div class=\"wpr-flip-box-content\">\n\t\t\t\t\t\n\t\t\t\t\t\t\t\t\t\t<div class=\"wpr-flip-box-icon\">\n\t\t\t\t\t\t<i class=\"far fa-map\"><\/i>\n\t\t\t\t\t<\/div>\n\t\t\t\t\t\t\t\t\t\t\n\t\t\t\t\t\t\t\t\t\t\t<h3 class=\"wpr-flip-box-title\">PATRIMONIO GEOL\u00d3GICO<\/h3>\n\t\t\t\t\t\n\t\t\t\t\t\t\t\t\t\t\t<div class=\"wpr-flip-box-description\"><ul><li style=\"text-align: left\">Inventario.<\/li><li style=\"text-align: left\">Valoraci\u00f3n.<\/li><\/ul><\/div>\t\t\t\t\t\t\n\t\t\t\t\t\t\n\n\t\t\t\t\t\t\n\n\t\t\t\t<\/div>\n\t\t\t<\/div>\n\n\t\t\t<div class=\"wpr-flip-box-item wpr-flip-box-back wpr-anim-timing-linear\">\n\n\t\t\t\t<div class=\"wpr-flip-box-overlay\"><\/div>\n\t\t\t\t\n\t\t\t\t<div class=\"wpr-flip-box-content\">\n\t\t\t\t\t\n\t\t\t\t\t\t\t\t\t\t<a class=\"wpr-flip-box-link\" href=\"https:\/\/visores.geoenergia.gob.ec\/servicios\/apps\/experiencebuilder\/experience?id=90323881aa654b93bac7564c7ef63965\" target=\"_blank\"><\/a>\t\n\t\t\t\t\t\n\t\t\t\t\t\t\t\t\t\t\n\t\t\t\t\t\t\t\t\t\t\t<h3 class=\"wpr-flip-box-title\">\n\t\t\t\t\t\t\tPATRIMONIO GEOL\u00d3GICO\t\t\t\t\t\t<\/h3>\n\t\t\t\t\t\n\t\t\t\t\t\t\t\t\t\t\t<div class=\"wpr-flip-box-description\">El mapa del patrimonio geol\u00f3gico del IIGE, muestra las principales formaciones geol\u00f3gicas, sitios de inter\u00e9s cient\u00edfico y natural. Resalta \u00e1reas con valor geol\u00f3gico, como volcanes, fallas y minerales, promoviendo su conservaci\u00f3n y aprovechamiento sostenible para la investigaci\u00f3n y el turismo.\n\n<span style=\"color: #ffff00\"><strong>(Haga click para ir al visor)<\/strong><\/span><\/div>\t\t\t\t\t\t\n\t\t\t\t\t\t\n\n\t\t\t\t\t\t\n\n\t\t\t\t<\/div>\n\t\t\t<\/div>\n\t\t<\/div>\n\n\t\t\t\t\t\t<\/div>\n\t\t\t\t<\/div>\n\t\t\t\t\t<\/div>\n\t\t<\/div>\n\t\t\t\t\t<\/div>\n\t\t<\/section>\n\t\t\t\t\t<\/div>\n\t\t<\/div>\n\t\t\t\t\t<\/div>\n\t\t<\/section>\n\t\t\t\t<section class=\"elementor-section elementor-top-section elementor-element elementor-element-e16dd62 elementor-section-full_width elementor-section-height-default elementor-section-height-default wpr-particle-no wpr-jarallax-no wpr-parallax-no wpr-sticky-section-no\" data-id=\"e16dd62\" data-element_type=\"section\" data-e-type=\"section\" data-settings=\"{&quot;background_background&quot;:&quot;classic&quot;}\">\n\t\t\t\t\t\t<div class=\"elementor-container elementor-column-gap-default\">\n\t\t\t\t\t<div class=\"elementor-column elementor-col-100 elementor-top-column elementor-element elementor-element-1d11582\" data-id=\"1d11582\" data-element_type=\"column\" data-e-type=\"column\">\n\t\t\t<div class=\"elementor-widget-wrap elementor-element-populated\">\n\t\t\t\t\t\t<div class=\"elementor-element elementor-element-911bad3 elementor-widget elementor-widget-heading\" data-id=\"911bad3\" data-element_type=\"widget\" data-e-type=\"widget\" data-widget_type=\"heading.default\">\n\t\t\t\t<div class=\"elementor-widget-container\">\n\t\t\t\t\t<h2 class=\"elementor-heading-title elementor-size-default\">Para comentarios y sugerencias a los datos geol\u00f3gicos publicados, descargue el formulario y envi\u00e9 al siguiente correo electr\u00f3nico - geoportal@geoenergia.gob.ec<\/h2>\t\t\t\t<\/div>\n\t\t\t\t<\/div>\n\t\t\t\t<div class=\"elementor-element elementor-element-d339424 elementor-align-right elementor-widget elementor-widget-button\" data-id=\"d339424\" data-element_type=\"widget\" data-e-type=\"widget\" data-widget_type=\"button.default\">\n\t\t\t\t<div class=\"elementor-widget-container\">\n\t\t\t\t\t\t\t\t\t<div class=\"elementor-button-wrapper\">\n\t\t\t\t\t<a class=\"elementor-button elementor-button-link elementor-size-sm\" href=\"https:\/\/geoportal.geoenergia.gob.ec\/wp-content\/uploads\/2022\/05\/Registro-de-Sugerencias-de-usuarios_2022_form.pdf\" target=\"_blank\">\n\t\t\t\t\t\t<span class=\"elementor-button-content-wrapper\">\n\t\t\t\t\t\t<span class=\"elementor-button-icon\">\n\t\t\t\t<i aria-hidden=\"true\" class=\"fas fa-download\"><\/i>\t\t\t<\/span>\n\t\t\t\t\t\t\t\t\t<span class=\"elementor-button-text\">Descargar Formulario<\/span>\n\t\t\t\t\t<\/span>\n\t\t\t\t\t<\/a>\n\t\t\t\t<\/div>\n\t\t\t\t\t\t\t\t<\/div>\n\t\t\t\t<\/div>\n\t\t\t\t\t<\/div>\n\t\t<\/div>\n\t\t\t\t\t<\/div>\n\t\t<\/section>\n\t\t\t\t<section class=\"elementor-section elementor-top-section elementor-element elementor-element-8d0d00a elementor-section-full_width elementor-section-stretched elementor-section-height-default elementor-section-height-default wpr-particle-no wpr-jarallax-no wpr-parallax-no wpr-sticky-section-no\" data-id=\"8d0d00a\" data-element_type=\"section\" data-e-type=\"section\" data-settings=\"{&quot;stretch_section&quot;:&quot;section-stretched&quot;,&quot;background_background&quot;:&quot;classic&quot;}\">\n\t\t\t\t\t\t<div class=\"elementor-container elementor-column-gap-default\">\n\t\t\t\t\t<div class=\"elementor-column elementor-col-100 elementor-top-column elementor-element elementor-element-2c1a58c2\" data-id=\"2c1a58c2\" data-element_type=\"column\" data-e-type=\"column\">\n\t\t\t<div class=\"elementor-widget-wrap elementor-element-populated\">\n\t\t\t\t\t\t<div class=\"elementor-element elementor-element-757fa4f elementor-widget__width-inherit elementor-widget elementor-widget-image\" data-id=\"757fa4f\" data-element_type=\"widget\" data-e-type=\"widget\" data-widget_type=\"image.default\">\n\t\t\t\t<div class=\"elementor-widget-container\">\n\t\t\t\t\t\t\t\t\t\t\t\t\t\t\t<img fetchpriority=\"high\" decoding=\"async\" width=\"480\" height=\"140\" src=\"https:\/\/geoportal.geoenergia.gob.ec\/wp-content\/uploads\/2024\/06\/logo-480x140.jpeg\" class=\"attachment-sydney-mas-thumb size-sydney-mas-thumb wp-image-2115\" alt=\"\" srcset=\"https:\/\/geoportal.geoenergia.gob.ec\/wp-content\/uploads\/2024\/06\/logo-480x140.jpeg 480w, https:\/\/geoportal.geoenergia.gob.ec\/wp-content\/uploads\/2024\/06\/logo-300x88.jpeg 300w, https:\/\/geoportal.geoenergia.gob.ec\/wp-content\/uploads\/2024\/06\/logo-230x67.jpeg 230w, https:\/\/geoportal.geoenergia.gob.ec\/wp-content\/uploads\/2024\/06\/logo-350x102.jpeg 350w, https:\/\/geoportal.geoenergia.gob.ec\/wp-content\/uploads\/2024\/06\/logo.jpeg 742w\" sizes=\"(max-width: 480px) 100vw, 480px\" \/>\t\t\t\t\t\t\t\t\t\t\t\t\t\t\t<\/div>\n\t\t\t\t<\/div>\n\t\t\t\t\t<\/div>\n\t\t<\/div>\n\t\t\t\t\t<\/div>\n\t\t<\/section>\n\t\t\t\t<section class=\"elementor-section elementor-top-section elementor-element elementor-element-c41afac elementor-section-boxed elementor-section-height-default elementor-section-height-default wpr-particle-no wpr-jarallax-no wpr-parallax-no wpr-sticky-section-no\" data-id=\"c41afac\" data-element_type=\"section\" data-e-type=\"section\" data-settings=\"{&quot;background_background&quot;:&quot;classic&quot;}\">\n\t\t\t\t\t\t\t<div class=\"elementor-background-overlay\"><\/div>\n\t\t\t\t\t\t\t<div class=\"elementor-container elementor-column-gap-default\">\n\t\t\t\t\t<div class=\"elementor-column elementor-col-100 elementor-top-column elementor-element elementor-element-b32b1e8\" data-id=\"b32b1e8\" data-element_type=\"column\" data-e-type=\"column\">\n\t\t\t<div class=\"elementor-widget-wrap elementor-element-populated\">\n\t\t\t\t\t\t<div class=\"elementor-element elementor-element-0e55772 elementor-widget-divider--view-line_icon elementor-view-default elementor-widget-divider--element-align-center elementor-widget elementor-widget-divider\" data-id=\"0e55772\" data-element_type=\"widget\" data-e-type=\"widget\" data-widget_type=\"divider.default\">\n\t\t\t\t<div class=\"elementor-widget-container\">\n\t\t\t\t\t\t\t<div class=\"elementor-divider\">\n\t\t\t<span class=\"elementor-divider-separator\">\n\t\t\t\t\t\t\t<div class=\"elementor-icon elementor-divider__element\">\n\t\t\t\t\t<svg xmlns=\"http:\/\/www.w3.org\/2000\/svg\" xmlns:xlink=\"http:\/\/www.w3.org\/1999\/xlink\" id=\"Layer_1\" x=\"0px\" y=\"0px\" viewBox=\"0 0 136 50\" style=\"enable-background:new 0 0 136 50;\" xml:space=\"preserve\"><style type=\"text\/css\">\t.st0{opacity:0;fill:#FFFFFF;}\t.st1{fill:#202C5C;}\t.st2{fill:#E32730;}<\/style><rect class=\"st0\" width=\"136\" height=\"50\"><\/rect><g>\t<path class=\"st1\" d=\"M9.9,28.8c-0.9-0.3-1.7-1-2.1-1.9c-0.8-1.8,0-4,1.8-4.8l16.2-7.2L9.6,7.7C7.7,6.9,6.9,4.8,7.7,3   s2.9-2.7,4.8-1.9l23.8,10.4c1.3,0.6,2.2,1.9,2.2,3.3s-0.8,2.7-2.1,3.3L12.5,28.7C11.7,29.1,10.7,29.1,9.9,28.8\"><\/path>\t<path class=\"st2\" d=\"M124.7,5.3c1.4,0.5,2.6,1.6,3.3,3c1.3,2.9,0,6.2-2.9,7.5L99.6,27.2l25.6,11.2c2.9,1.3,4.2,4.6,2.9,7.5   s-4.6,4.2-7.5,2.9L83.3,32.4c-2.1-0.9-3.4-2.9-3.4-5.2c0-2.2,1.3-4.3,3.4-5.2l37.2-16.6C121.9,4.8,123.4,4.8,124.7,5.3\"><\/path><\/g><\/svg><\/div>\n\t\t\t\t\t\t<\/span>\n\t\t<\/div>\n\t\t\t\t\t\t<\/div>\n\t\t\t\t<\/div>\n\t\t\t\t\t<\/div>\n\t\t<\/div>\n\t\t\t\t\t<\/div>\n\t\t<\/section>\n\t\t\t\t<\/div>\n\t\t","protected":false},"excerpt":{"rendered":"<p>Visores Geogr\u00e1ficos En los visores geogr\u00e1ficos del Instituto de Investigaci\u00f3n Geol\u00f3gico y Energ\u00e9tico (IIGE), se despliega un vasto panorama de servicios destinados<\/p>\n","protected":false},"author":1,"featured_media":0,"parent":0,"menu_order":0,"comment_status":"closed","ping_status":"closed","template":"elementor_header_footer","meta":{"footnotes":""},"class_list":["post-131","page","type-page","status-publish","hentry"],"_links":{"self":[{"href":"https:\/\/geoportal.geoenergia.gob.ec\/index.php?rest_route=\/wp\/v2\/pages\/131","targetHints":{"allow":["GET"]}}],"collection":[{"href":"https:\/\/geoportal.geoenergia.gob.ec\/index.php?rest_route=\/wp\/v2\/pages"}],"about":[{"href":"https:\/\/geoportal.geoenergia.gob.ec\/index.php?rest_route=\/wp\/v2\/types\/page"}],"author":[{"embeddable":true,"href":"https:\/\/geoportal.geoenergia.gob.ec\/index.php?rest_route=\/wp\/v2\/users\/1"}],"replies":[{"embeddable":true,"href":"https:\/\/geoportal.geoenergia.gob.ec\/index.php?rest_route=%2Fwp%2Fv2%2Fcomments&post=131"}],"version-history":[{"count":208,"href":"https:\/\/geoportal.geoenergia.gob.ec\/index.php?rest_route=\/wp\/v2\/pages\/131\/revisions"}],"predecessor-version":[{"id":4308,"href":"https:\/\/geoportal.geoenergia.gob.ec\/index.php?rest_route=\/wp\/v2\/pages\/131\/revisions\/4308"}],"wp:attachment":[{"href":"https:\/\/geoportal.geoenergia.gob.ec\/index.php?rest_route=%2Fwp%2Fv2%2Fmedia&parent=131"}],"curies":[{"name":"wp","href":"https:\/\/api.w.org\/{rel}","templated":true}]}}